{"id":1326,"date":"2025-12-01T17:29:49","date_gmt":"2025-12-01T16:29:49","guid":{"rendered":"https:\/\/quimeras.cat\/boletin\/"},"modified":"2025-12-09T19:09:25","modified_gmt":"2025-12-09T18:09:25","slug":"boletin","status":"publish","type":"page","link":"https:\/\/quimeras.cat\/es\/boletin\/","title":{"rendered":"Bolet\u00edn"},"content":{"rendered":"\n\n\t<section class=\"section\" id=\"section_1775228917\">\n\t\t<div class=\"section-bg fill\" >\n\t\t\t\t\t\t\t\t\t\n\t\t\t\n\n\t\t<\/div>\n\n\t\t\n\n\t\t<div class=\"section-content relative\">\n\t\t\t\n\n<div class=\"row align-center\"  id=\"row-1411494422\">\n\n\n\t<div id=\"col-642430252\" class=\"col medium-10 small-11 large-6\"  >\n\t\t\t\t<div class=\"col-inner text-center\"  >\n\t\t\t\n\t\t\t\n\n\t<div id=\"text-3102603547\" class=\"text\">\n\t\t\n\n<h1>Contacto<\/h1>\n\t\t\n<style>\n#text-3102603547 {\n  font-size: 2rem;\n  line-height: 1.05;\n  color: rgb(255, 255, 255);\n}\n#text-3102603547 > * {\n  color: rgb(255, 255, 255);\n}\n@media (min-width:550px) {\n  #text-3102603547 {\n    font-size: 2rem;\n  }\n}\n@media (min-width:850px) {\n  #text-3102603547 {\n    font-size: 2.5rem;\n  }\n}\n<\/style>\n\t<\/div>\n\t\n\t<div id=\"gap-1945799771\" class=\"gap-element clearfix\" style=\"display:block; height:auto;\">\n\t\t\n<style>\n#gap-1945799771 {\n  padding-top: 64px;\n}\n@media (min-width:550px) {\n  #gap-1945799771 {\n    padding-top: 0px;\n  }\n}\n<\/style>\n\t<\/div>\n\t\n\n\n\t\t<\/div>\n\t\t\t\t\t<\/div>\n\n\t\n\n<\/div>\n\n\t\t<\/div>\n\n\t\t\n<style>\n#section_1775228917 {\n  padding-top: 6px;\n  padding-bottom: 6px;\n  min-height: 266px;\n  background-color: #232321;\n}\n@media (min-width:550px) {\n  #section_1775228917 {\n    min-height: 500px;\n  }\n}\n@media (min-width:850px) {\n  #section_1775228917 {\n    min-height: 393px;\n  }\n}\n<\/style>\n\t<\/section>\n\t\n\n\t<section class=\"section\" id=\"section_612638291\">\n\t\t<div class=\"section-bg fill\" >\n\t\t\t\t\t\t\t\t\t\n\t\t\t\n\n\t\t<\/div>\n\n\t\t\n\n\t\t<div class=\"section-content relative\">\n\t\t\t\n\n<div class=\"row\"  id=\"row-369219026\">\n\n\n\t<div id=\"col-340980888\" class=\"col small-12 large-12\"  >\n\t\t\t\t<div class=\"col-inner\"  >\n\t\t\t\n\t\t\t\n\n<div class=\"row row-large align-equal\"  id=\"row-1526368999\">\n\n\n\t<div id=\"col-1858683361\" class=\"col medium-6 small-12 large-6\"  >\n\t\t\t\t<div class=\"col-inner\"  >\n\t\t\t\n\t\t\t\n\n\t<div id=\"text-2805149099\" class=\"text\">\n\t\t\n\n<h3>Tarragona<\/h3>\n\t\t\n<style>\n#text-2805149099 {\n  font-size: 1.75rem;\n  line-height: 0.75;\n  text-align: center;\n  color: #fcf56b;\n}\n#text-2805149099 > * {\n  color: #fcf56b;\n}\n<\/style>\n\t<\/div>\n\t\n<div class=\"is-divider divider clearfix\" style=\"max-width:549px;height:1px;background-color:#fcf56c;\"><\/div>\n\n\n\n<iframe src=\"https:\/\/www.google.com\/maps\/embed?pb=!1m18!1m12!1m3!1d3005.609931288979!2d1.2465201776425545!3d41.12120931246092!2m3!1f0!2f0!3f0!3m2!1i1024!2i768!4f13.1!3m3!1m2!1s0x12a3fd284ed921fb%3A0x1cd914d5789b8549!2sC%2F%20de%20Santa%20Joaquima%20de%20Vedruna%2C%2021%2C%20local%201%2C%2043002%20Tarragona!5e0!3m2!1ses!2ses!4v1724239700130!5m2!1ses!2ses\" width=\"600\" height=\"450\" style=\"border:0;\" allowfullscreen=\"\" loading=\"lazy\" referrerpolicy=\"no-referrer-when-downgrade\"><\/iframe>\n\n<div class=\"is-divider divider clearfix\" style=\"max-width:549px;height:1px;background-color:#fcf56c;\"><\/div>\n\n<div class=\"row\"  id=\"row-1827919338\">\n\n\n\t<div id=\"col-1449732054\" class=\"col medium-6 small-6 large-6\"  >\n\t\t\t\t<div class=\"col-inner\"  >\n\t\t\t\n\t\t\t\n\n\n\t\t<div class=\"icon-box featured-box icon-box-center text-center\"  >\n\t\t\t\t\t<div class=\"icon-box-img\" style=\"width: 36px\">\n\t\t\t\t<div class=\"icon\">\n\t\t\t\t\t<div class=\"icon-inner\" style=\"color:#fcf56c;\">\n\t\t\t\t\t\t<svg xmlns=\"http:\/\/www.w3.org\/2000\/svg\" viewBox=\"0 0 500 500\" id=\"Phone--Streamline-Streamline--3.0.svg\" height=\"500\" width=\"500\"><desc>Phone Streamline Icon: https:\/\/streamlinehq.com<\/desc><path d=\"m472.2916666666667 354.16666666666663 -51.041666666666664 -51.041666666666664a58.33333333333333 58.33333333333333 0 0 0 -83.33333333333333 0l-10.208333333333332 10.208333333333332a1125 1125 0 0 1 -141.87499999999997 -141.66666666666666l10.416666666666666 -10.416666666666666a58.95833333333333 58.95833333333333 0 0 0 0 -83.33333333333333L145.83333333333331 27.5a59.791666666666664 59.791666666666664 0 0 0 -83.33333333333333 0L34.58333333333333 55.416666666666664a83.33333333333333 83.33333333333333 0 0 0 -10.416666666666666 104.16666666666666 1130 1130 0 0 0 316.04166666666663 316.04166666666663 83.33333333333333 83.33333333333333 0 0 0 104.16666666666666 -10.416666666666666L472.2916666666667 437.5a58.33333333333333 58.33333333333333 0 0 0 0 -83.33333333333333Z\" fill=\"#000000\" stroke-width=\"1\"><\/path><\/svg>\t\t\t\t\t<\/div>\n\t\t\t\t<\/div>\n\t\t\t<\/div>\n\t\t\t\t<div class=\"icon-box-text last-reset\">\n\t\t\t\t\t\t\t\t\t\n\n\t<div id=\"text-3192386713\" class=\"text\">\n\t\t\n\n<h3><span style=\"font-family: cy-reg;\">977 088 596<\/span><\/h3>\n\t\t\n<style>\n#text-3192386713 {\n  font-size: 1.15rem;\n  color: rgb(255, 255, 255);\n}\n#text-3192386713 > * {\n  color: rgb(255, 255, 255);\n}\n<\/style>\n\t<\/div>\n\t\n\t<div id=\"gap-870597225\" class=\"gap-element clearfix\" style=\"display:block; height:auto;\">\n\t\t\n<style>\n#gap-870597225 {\n  padding-top: 10px;\n}\n<\/style>\n\t<\/div>\n\t\n\n\n\t\t<\/div>\n\t<\/div>\n\t\n\t\n\n\t\t<\/div>\n\t\t\t\t\t<\/div>\n\n\t\n\n\t<div id=\"col-1486810205\" class=\"col medium-6 small-6 large-6\"  >\n\t\t\t\t<div class=\"col-inner\"  >\n\t\t\t\n\t\t\t\n\n\n\t\t<div class=\"icon-box featured-box icon-box-center text-center\"  >\n\t\t\t\t\t<div class=\"icon-box-img\" style=\"width: 36px\">\n\t\t\t\t<div class=\"icon\">\n\t\t\t\t\t<div class=\"icon-inner\" style=\"color:#fcf56c;\">\n\t\t\t\t\t\t<svg xmlns=\"http:\/\/www.w3.org\/2000\/svg\" viewBox=\"0 0 500 500\" id=\"Email-Action-Unread--Streamline-Streamline--3.0.svg\" height=\"500\" width=\"500\"><desc>Email Action Unread Streamline Icon: https:\/\/streamlinehq.com<\/desc><g><path d=\"M497.7083333333333 121.45833333333333a3.7499999999999996 3.7499999999999996 0 0 0 -4.166666666666667 0l-203.125 203.125a56.666666666666664 56.666666666666664 0 0 1 -40.416666666666664 16.666666666666668 58.125 58.125 0 0 1 -40.625 -16.666666666666668L6.458333333333333 122.29166666666666a3.7499999999999996 3.7499999999999996 0 0 0 -4.166666666666667 0A3.7499999999999996 3.7499999999999996 0 0 0 0 125v250a41.666666666666664 41.666666666666664 0 0 0 41.666666666666664 41.666666666666664h416.66666666666663a41.666666666666664 41.666666666666664 0 0 0 41.666666666666664 -41.666666666666664V125a3.7499999999999996 3.7499999999999996 0 0 0 -2.2916666666666665 -3.5416666666666665Z\" fill=\"#000000\" stroke-width=\"1\"><\/path><path d=\"M231.45833333333331 303.3333333333333a26.458333333333332 26.458333333333332 0 0 0 36.875 0l201.87499999999997 -201.87499999999997a10.416666666666666 10.416666666666666 0 0 0 2.4999999999999996 -10.625C470.41666666666663 83.33333333333333 463.9583333333333 83.33333333333333 458.3333333333333 83.33333333333333H41.666666666666664c-5.833333333333334 0 -12.083333333333332 0 -14.374999999999998 7.499999999999999a10.416666666666666 10.416666666666666 0 0 0 2.4999999999999996 10.625Z\" fill=\"#000000\" stroke-width=\"1\"><\/path><\/g><\/svg>\t\t\t\t\t<\/div>\n\t\t\t\t<\/div>\n\t\t\t<\/div>\n\t\t\t\t<div class=\"icon-box-text last-reset\">\n\t\t\t\t\t\t\t\t\t\n\n\t<div id=\"text-137834158\" class=\"text\">\n\t\t\n\n<h3><span style=\"font-family: cy-reg;\">info@quimeras.cat<\/span><\/h3>\n\t\t\n<style>\n#text-137834158 {\n  font-size: 1.15rem;\n  color: rgb(255, 255, 255);\n}\n#text-137834158 > * {\n  color: rgb(255, 255, 255);\n}\n<\/style>\n\t<\/div>\n\t\n\t<div id=\"gap-1999887766\" class=\"gap-element clearfix\" style=\"display:block; height:auto;\">\n\t\t\n<style>\n#gap-1999887766 {\n  padding-top: 10px;\n}\n<\/style>\n\t<\/div>\n\t\n\n\n\t\t<\/div>\n\t<\/div>\n\t\n\t\n\n\t\t<\/div>\n\t\t\t\t\t<\/div>\n\n\t\n\n<\/div>\n\n\t\t<\/div>\n\t\t\t\t\t<\/div>\n\n\t\n\n\t<div id=\"col-1029833553\" class=\"col medium-6 small-12 large-6\"  >\n\t\t\t\t<div class=\"col-inner\"  >\n\t\t\t\n\t\t\t\n\n\t<div id=\"text-1457216479\" class=\"text\">\n\t\t\n\n<h3>Tenerife<\/h3>\n\t\t\n<style>\n#text-1457216479 {\n  font-size: 1.75rem;\n  line-height: 0.75;\n  text-align: center;\n  color: #fcf56b;\n}\n#text-1457216479 > * {\n  color: #fcf56b;\n}\n<\/style>\n\t<\/div>\n\t\n<div class=\"is-divider divider clearfix\" style=\"max-width:549px;height:1px;background-color:#fcf56c;\"><\/div>\n\n\n\n<iframe src=\"https:\/\/www.google.com\/maps\/embed?pb=!1m18!1m12!1m3!1d3509.8042984567032!2d-16.544843422573283!3d28.394978294825414!2m3!1f0!2f0!3f0!3m2!1i1024!2i768!4f13.1!3m3!1m2!1s0xc6a7ffdb8b8414f%3A0x3ac7a93caba2e7e4!2sC.%20Molinos%20de%20Gofio%2C%2029%2C%2038312%20La%20Orotava%2C%20Santa%20Cruz%20de%20Tenerife!5e0!3m2!1ses!2ses!4v1724240002840!5m2!1ses!2ses\" width=\"600\" height=\"450\" style=\"border:0;\" allowfullscreen=\"\" loading=\"lazy\" referrerpolicy=\"no-referrer-when-downgrade\"><\/iframe>\n\n<div class=\"is-divider divider clearfix\" style=\"max-width:549px;height:1px;background-color:#fcf56c;\"><\/div>\n\n<div class=\"row\"  id=\"row-1614121379\">\n\n\n\t<div id=\"col-1741068923\" class=\"col medium-6 small-6 large-6\"  >\n\t\t\t\t<div class=\"col-inner\"  >\n\t\t\t\n\t\t\t\n\n\n\t\t<div class=\"icon-box featured-box icon-box-center text-center\"  >\n\t\t\t\t\t<div class=\"icon-box-img\" style=\"width: 36px\">\n\t\t\t\t<div class=\"icon\">\n\t\t\t\t\t<div class=\"icon-inner\" style=\"color:#fcf56c;\">\n\t\t\t\t\t\t<svg xmlns=\"http:\/\/www.w3.org\/2000\/svg\" viewBox=\"0 0 500 500\" id=\"Phone--Streamline-Streamline--3.0.svg\" height=\"500\" width=\"500\"><desc>Phone Streamline Icon: https:\/\/streamlinehq.com<\/desc><path d=\"m472.2916666666667 354.16666666666663 -51.041666666666664 -51.041666666666664a58.33333333333333 58.33333333333333 0 0 0 -83.33333333333333 0l-10.208333333333332 10.208333333333332a1125 1125 0 0 1 -141.87499999999997 -141.66666666666666l10.416666666666666 -10.416666666666666a58.95833333333333 58.95833333333333 0 0 0 0 -83.33333333333333L145.83333333333331 27.5a59.791666666666664 59.791666666666664 0 0 0 -83.33333333333333 0L34.58333333333333 55.416666666666664a83.33333333333333 83.33333333333333 0 0 0 -10.416666666666666 104.16666666666666 1130 1130 0 0 0 316.04166666666663 316.04166666666663 83.33333333333333 83.33333333333333 0 0 0 104.16666666666666 -10.416666666666666L472.2916666666667 437.5a58.33333333333333 58.33333333333333 0 0 0 0 -83.33333333333333Z\" fill=\"#000000\" stroke-width=\"1\"><\/path><\/svg>\t\t\t\t\t<\/div>\n\t\t\t\t<\/div>\n\t\t\t<\/div>\n\t\t\t\t<div class=\"icon-box-text last-reset\">\n\t\t\t\t\t\t\t\t\t\n\n\t<div id=\"text-359092984\" class=\"text\">\n\t\t\n\n<h3><span style=\"font-family: cy-reg;\">922 332 513<\/span><\/h3>\n\t\t\n<style>\n#text-359092984 {\n  font-size: 1.15rem;\n  color: rgb(255, 255, 255);\n}\n#text-359092984 > * {\n  color: rgb(255, 255, 255);\n}\n<\/style>\n\t<\/div>\n\t\n\t<div id=\"gap-480600638\" class=\"gap-element clearfix\" style=\"display:block; height:auto;\">\n\t\t\n<style>\n#gap-480600638 {\n  padding-top: 10px;\n}\n<\/style>\n\t<\/div>\n\t\n\n\n\t\t<\/div>\n\t<\/div>\n\t\n\t\n\n\t\t<\/div>\n\t\t\t\t\t<\/div>\n\n\t\n\n\t<div id=\"col-575540876\" class=\"col medium-6 small-6 large-6\"  >\n\t\t\t\t<div class=\"col-inner\"  >\n\t\t\t\n\t\t\t\n\n\n\t\t<div class=\"icon-box featured-box icon-box-center text-center\"  >\n\t\t\t\t\t<div class=\"icon-box-img\" style=\"width: 36px\">\n\t\t\t\t<div class=\"icon\">\n\t\t\t\t\t<div class=\"icon-inner\" style=\"color:#fcf56c;\">\n\t\t\t\t\t\t<svg xmlns=\"http:\/\/www.w3.org\/2000\/svg\" viewBox=\"0 0 500 500\" id=\"Email-Action-Unread--Streamline-Streamline--3.0.svg\" height=\"500\" width=\"500\"><desc>Email Action Unread Streamline Icon: https:\/\/streamlinehq.com<\/desc><g><path d=\"M497.7083333333333 121.45833333333333a3.7499999999999996 3.7499999999999996 0 0 0 -4.166666666666667 0l-203.125 203.125a56.666666666666664 56.666666666666664 0 0 1 -40.416666666666664 16.666666666666668 58.125 58.125 0 0 1 -40.625 -16.666666666666668L6.458333333333333 122.29166666666666a3.7499999999999996 3.7499999999999996 0 0 0 -4.166666666666667 0A3.7499999999999996 3.7499999999999996 0 0 0 0 125v250a41.666666666666664 41.666666666666664 0 0 0 41.666666666666664 41.666666666666664h416.66666666666663a41.666666666666664 41.666666666666664 0 0 0 41.666666666666664 -41.666666666666664V125a3.7499999999999996 3.7499999999999996 0 0 0 -2.2916666666666665 -3.5416666666666665Z\" fill=\"#000000\" stroke-width=\"1\"><\/path><path d=\"M231.45833333333331 303.3333333333333a26.458333333333332 26.458333333333332 0 0 0 36.875 0l201.87499999999997 -201.87499999999997a10.416666666666666 10.416666666666666 0 0 0 2.4999999999999996 -10.625C470.41666666666663 83.33333333333333 463.9583333333333 83.33333333333333 458.3333333333333 83.33333333333333H41.666666666666664c-5.833333333333334 0 -12.083333333333332 0 -14.374999999999998 7.499999999999999a10.416666666666666 10.416666666666666 0 0 0 2.4999999999999996 10.625Z\" fill=\"#000000\" stroke-width=\"1\"><\/path><\/g><\/svg>\t\t\t\t\t<\/div>\n\t\t\t\t<\/div>\n\t\t\t<\/div>\n\t\t\t\t<div class=\"icon-box-text last-reset\">\n\t\t\t\t\t\t\t\t\t\n\n\t<div id=\"text-4261291666\" class=\"text\">\n\t\t\n\n<h3><span style=\"font-family: cy-reg;\">info@quimeras.eu<\/span><\/h3>\n\t\t\n<style>\n#text-4261291666 {\n  font-size: 1.15rem;\n  color: rgb(255, 255, 255);\n}\n#text-4261291666 > * {\n  color: rgb(255, 255, 255);\n}\n<\/style>\n\t<\/div>\n\t\n\t<div id=\"gap-360025228\" class=\"gap-element clearfix\" style=\"display:block; height:auto;\">\n\t\t\n<style>\n#gap-360025228 {\n  padding-top: 10px;\n}\n<\/style>\n\t<\/div>\n\t\n\n\n\t\t<\/div>\n\t<\/div>\n\t\n\t\n\n\t\t<\/div>\n\t\t\t\t\t<\/div>\n\n\t\n\n<\/div>\n\n\t\t<\/div>\n\t\t\t\t\t<\/div>\n\n\t\n\n<\/div>\n\n\t\t<\/div>\n\t\t\t\t\n<style>\n#col-340980888 > .col-inner {\n  margin: -95px 0px 0px 0px;\n}\n<\/style>\n\t<\/div>\n\n\t\n\n<\/div>\n\n\t\t<\/div>\n\n\t\t\n<style>\n#section_612638291 {\n  padding-top: 0px;\n  padding-bottom: 0px;\n  background-color: #232321;\n}\n<\/style>\n\t<\/section>\n\t\n\n","protected":false},"excerpt":{"rendered":"","protected":false},"author":1,"featured_media":0,"parent":0,"menu_order":0,"comment_status":"closed","ping_status":"closed","template":"page-blank.php","meta":{"footnotes":""},"class_list":["post-1326","page","type-page","status-publish","hentry"],"yoast_head":"<!-- This site is optimized with the Yoast SEO plugin v26.3 - https:\/\/yoast.com\/wordpress\/plugins\/seo\/ -->\n<title>Bolet\u00edn - Quimeras<\/title>\n<meta name=\"robots\" content=\"index, follow, max-snippet:-1, max-image-preview:large, max-video-preview:-1\" \/>\n<link rel=\"canonical\" href=\"https:\/\/quimeras.cat\/es\/boletin\/\" \/>\n<meta property=\"og:locale\" content=\"es_ES\" \/>\n<meta property=\"og:type\" content=\"article\" \/>\n<meta property=\"og:title\" content=\"Bolet\u00edn - Quimeras\" \/>\n<meta property=\"og:url\" content=\"https:\/\/quimeras.cat\/es\/boletin\/\" \/>\n<meta property=\"og:site_name\" content=\"Quimeras\" \/>\n<meta property=\"article:modified_time\" content=\"2025-12-09T18:09:25+00:00\" \/>\n<meta name=\"twitter:card\" content=\"summary_large_image\" \/>\n<meta name=\"twitter:label1\" content=\"Tiempo de lectura\" \/>\n\t<meta name=\"twitter:data1\" content=\"2 minutos\" \/>\n<script type=\"application\/ld+json\" class=\"yoast-schema-graph\">{\"@context\":\"https:\/\/schema.org\",\"@graph\":[{\"@type\":\"WebPage\",\"@id\":\"https:\/\/quimeras.cat\/es\/boletin\/\",\"url\":\"https:\/\/quimeras.cat\/es\/boletin\/\",\"name\":\"Bolet\u00edn - Quimeras\",\"isPartOf\":{\"@id\":\"https:\/\/quimeras.cat\/es\/#website\"},\"datePublished\":\"2025-12-01T16:29:49+00:00\",\"dateModified\":\"2025-12-09T18:09:25+00:00\",\"breadcrumb\":{\"@id\":\"https:\/\/quimeras.cat\/es\/boletin\/#breadcrumb\"},\"inLanguage\":\"es\",\"potentialAction\":[{\"@type\":\"ReadAction\",\"target\":[\"https:\/\/quimeras.cat\/es\/boletin\/\"]}]},{\"@type\":\"BreadcrumbList\",\"@id\":\"https:\/\/quimeras.cat\/es\/boletin\/#breadcrumb\",\"itemListElement\":[{\"@type\":\"ListItem\",\"position\":1,\"name\":\"Portada\",\"item\":\"https:\/\/quimeras.cat\/es\/\"},{\"@type\":\"ListItem\",\"position\":2,\"name\":\"Bolet\u00edn\"}]},{\"@type\":\"WebSite\",\"@id\":\"https:\/\/quimeras.cat\/es\/#website\",\"url\":\"https:\/\/quimeras.cat\/es\/\",\"name\":\"Quimeras\",\"description\":\"Ag\u00e8ncia de Comunicaci\u00f3 i M\u00e0rqueting a Tarragona\",\"potentialAction\":[{\"@type\":\"SearchAction\",\"target\":{\"@type\":\"EntryPoint\",\"urlTemplate\":\"https:\/\/quimeras.cat\/es\/?s={search_term_string}\"},\"query-input\":{\"@type\":\"PropertyValueSpecification\",\"valueRequired\":true,\"valueName\":\"search_term_string\"}}],\"inLanguage\":\"es\"}]}<\/script>\n<!-- \/ Yoast SEO plugin. -->","yoast_head_json":{"title":"Bolet\u00edn - Quimeras","robots":{"index":"index","follow":"follow","max-snippet":"max-snippet:-1","max-image-preview":"max-image-preview:large","max-video-preview":"max-video-preview:-1"},"canonical":"https:\/\/quimeras.cat\/es\/boletin\/","og_locale":"es_ES","og_type":"article","og_title":"Bolet\u00edn - Quimeras","og_url":"https:\/\/quimeras.cat\/es\/boletin\/","og_site_name":"Quimeras","article_modified_time":"2025-12-09T18:09:25+00:00","twitter_card":"summary_large_image","twitter_misc":{"Tiempo de lectura":"2 minutos"},"schema":{"@context":"https:\/\/schema.org","@graph":[{"@type":"WebPage","@id":"https:\/\/quimeras.cat\/es\/boletin\/","url":"https:\/\/quimeras.cat\/es\/boletin\/","name":"Bolet\u00edn - Quimeras","isPartOf":{"@id":"https:\/\/quimeras.cat\/es\/#website"},"datePublished":"2025-12-01T16:29:49+00:00","dateModified":"2025-12-09T18:09:25+00:00","breadcrumb":{"@id":"https:\/\/quimeras.cat\/es\/boletin\/#breadcrumb"},"inLanguage":"es","potentialAction":[{"@type":"ReadAction","target":["https:\/\/quimeras.cat\/es\/boletin\/"]}]},{"@type":"BreadcrumbList","@id":"https:\/\/quimeras.cat\/es\/boletin\/#breadcrumb","itemListElement":[{"@type":"ListItem","position":1,"name":"Portada","item":"https:\/\/quimeras.cat\/es\/"},{"@type":"ListItem","position":2,"name":"Bolet\u00edn"}]},{"@type":"WebSite","@id":"https:\/\/quimeras.cat\/es\/#website","url":"https:\/\/quimeras.cat\/es\/","name":"Quimeras","description":"Ag\u00e8ncia de Comunicaci\u00f3 i M\u00e0rqueting a Tarragona","potentialAction":[{"@type":"SearchAction","target":{"@type":"EntryPoint","urlTemplate":"https:\/\/quimeras.cat\/es\/?s={search_term_string}"},"query-input":{"@type":"PropertyValueSpecification","valueRequired":true,"valueName":"search_term_string"}}],"inLanguage":"es"}]}},"_links":{"self":[{"href":"https:\/\/quimeras.cat\/es\/wp-json\/wp\/v2\/pages\/1326","targetHints":{"allow":["GET"]}}],"collection":[{"href":"https:\/\/quimeras.cat\/es\/wp-json\/wp\/v2\/pages"}],"about":[{"href":"https:\/\/quimeras.cat\/es\/wp-json\/wp\/v2\/types\/page"}],"author":[{"embeddable":true,"href":"https:\/\/quimeras.cat\/es\/wp-json\/wp\/v2\/users\/1"}],"replies":[{"embeddable":true,"href":"https:\/\/quimeras.cat\/es\/wp-json\/wp\/v2\/comments?post=1326"}],"version-history":[{"count":2,"href":"https:\/\/quimeras.cat\/es\/wp-json\/wp\/v2\/pages\/1326\/revisions"}],"predecessor-version":[{"id":1328,"href":"https:\/\/quimeras.cat\/es\/wp-json\/wp\/v2\/pages\/1326\/revisions\/1328"}],"wp:attachment":[{"href":"https:\/\/quimeras.cat\/es\/wp-json\/wp\/v2\/media?parent=1326"}],"curies":[{"name":"wp","href":"https:\/\/api.w.org\/{rel}","templated":true}]}}